{"id":26930,"date":"2017-06-29T19:33:29","date_gmt":"2017-06-29T17:33:29","guid":{"rendered":"http:\/\/nrw-skulptur.net\/regions\/hellweg\/"},"modified":"2018-05-13T19:35:25","modified_gmt":"2018-05-13T17:35:25","slug":"hellweg","status":"publish","type":"page","link":"https:\/\/nrw-skulptur.net\/en\/regions\/hellweg\/","title":{"rendered":"Hellweg"},"content":{"rendered":"<h2>COSMOPOLITAN AND IN TOUCH WITH ITS ROOTS<\/h2>\n<p><img loading=\"lazy\" decoding=\"async\" src=\"\/wp-content\/uploads\/2017\/06\/Hellweg.png\" alt=\"\" width=\"579\" height=\"553\" class=\"alignnone size-full wp-image-187\" \/><\/p>\n<p>The youngest cultural region of North Rhine-Westphalia is a hub, a crossroads, and a way station along the Ruhr River, the Lippe River, and the Hellweg, one of the oldest military and trade routes in Europe. This region has long served as a meeting ground for the most diverse cultures of modern Europe.<\/p>\n<p>Rarely do you find such varied landscapes and independent urban structures so close together. Hellweg is a hub between the Ruhr metropolis and the neighboring economic regions, an important logistics center in the NRW, and the seat of a future-oriented economy.<br \/>\nThe districts Soest and Unna, and the cities Hamm, Ahlen, and Drensteinfurt have solid cultural infrastructures that open up a wide range of opportunities. Some examples of what they have to offer include: the unique Zentrum f\u00fcr Internationale Lichtkunst Unna, the Gustav-L\u00fcbcke-Museum Hamm, the Kunstmuseum Ahlen, the two theaters in Hamm and L\u00fcnen, and socio-cultural centers like the Alte Schlachthof Soest and the Lindenbrauerei Unna.<br \/>\nAdditionally, visitors from throughout the nation are drawn to Hellweg&#8217;s acclaimed festivals, such as Mord am Hellweg (Europe&#8217;s largest international crime festival), the Take Five jazz festival, Celloherbst, KlassikSommer Hamm, and Hellwach (an international children&#8217;s theater festival).<br \/>\nIndividual artists and independent theater, music, and dance ensembles provide the fodder for a lively arts scene. Cultural education is prized in Hellweg, as is demonstrated by its actively engaged youth art schools, and the multiple award winning HELIOS Theater Hamm.<\/p>\n","protected":false},"excerpt":{"rendered":"<p>COSMOPOLITAN AND IN TOUCH WITH ITS ROOTS The youngest cultural region of North Rhine-Westphalia is a hub, a crossroads, and a way station along the Ruhr River, the Lippe River, and the Hellweg, one of the oldest military and trade routes in Europe. This region has long served as a meeting ground for the most\u2026<\/p>\n","protected":false},"author":1,"featured_media":0,"parent":26842,"menu_order":0,"comment_status":"closed","ping_status":"closed","template":"regionen.php","meta":{"_acf_changed":false,"footnotes":""},"class_list":["post-26930","page","type-page","status-publish","hentry"],"acf":{"images":[{"ID":34358,"id":34358,"title":"","filename":"ddsc6075.jpg","filesize":529839,"url":"https:\/\/nrw-skulptur.net\/wp-content\/uploads\/2017\/06\/ddsc6075.jpg","link":"https:\/\/nrw-skulptur.net\/en\/skulptur\/wasserleinwand\/attachment\/21812\/","alt":"","author":"0","description":"","caption":"","name":"21812","status":"inherit","uploaded_to":30539,"date":"2017-06-06 21:13:56","modified":"2017-06-06 21:13:56","menu_order":0,"mime_type":"image\/jpeg","type":"image","subtype":"jpeg","icon":"https:\/\/nrw-skulptur.net\/wp-includes\/images\/media\/default.png","width":1000,"height":667,"sizes":{"thumbnail":"https:\/\/nrw-skulptur.net\/wp-content\/uploads\/2017\/06\/ddsc6075-170x150.jpg","thumbnail-width":170,"thumbnail-height":150,"medium":"https:\/\/nrw-skulptur.net\/wp-content\/uploads\/2017\/06\/ddsc6075-450x300.jpg","medium-width":450,"medium-height":300,"medium_large":"https:\/\/nrw-skulptur.net\/wp-content\/uploads\/2017\/06\/ddsc6075-768x512.jpg","medium_large-width":600,"medium_large-height":400,"large":"https:\/\/nrw-skulptur.net\/wp-content\/uploads\/2017\/06\/ddsc6075.jpg","large-width":600,"large-height":400,"1536x1536":"https:\/\/nrw-skulptur.net\/wp-content\/uploads\/2017\/06\/ddsc6075.jpg","1536x1536-width":1000,"1536x1536-height":667,"2048x2048":"https:\/\/nrw-skulptur.net\/wp-content\/uploads\/2017\/06\/ddsc6075.jpg","2048x2048-width":1000,"2048x2048-height":667,"blog-thumbnail":"https:\/\/nrw-skulptur.net\/wp-content\/uploads\/2017\/06\/ddsc6075-738x492.jpg","blog-thumbnail-width":738,"blog-thumbnail-height":492,"profile":"https:\/\/nrw-skulptur.net\/wp-content\/uploads\/2017\/06\/ddsc6075.jpg","profile-width":1000,"profile-height":667,"homepage":"https:\/\/nrw-skulptur.net\/wp-content\/uploads\/2017\/06\/ddsc6075-500x500.jpg","homepage-width":500,"homepage-height":500,"homepage-nrws":"https:\/\/nrw-skulptur.net\/wp-content\/uploads\/2017\/06\/ddsc6075-934x626.jpg","homepage-nrws-width":934,"homepage-nrws-height":626,"homepage-fullscreen":"https:\/\/nrw-skulptur.net\/wp-content\/uploads\/2017\/06\/ddsc6075.jpg","homepage-fullscreen-width":1000,"homepage-fullscreen-height":667}},{"ID":34374,"id":34374,"title":"","filename":"hdsc2177.jpg","filesize":183674,"url":"https:\/\/nrw-skulptur.net\/wp-content\/uploads\/2017\/06\/hdsc2177.jpg","link":"https:\/\/nrw-skulptur.net\/en\/skulptur\/no-agreement-today-no-agreement-tomorrow\/attachment\/21829\/","alt":"","author":"0","description":"","caption":"","name":"21829","status":"inherit","uploaded_to":27912,"date":"2017-06-06 21:14:02","modified":"2017-06-06 21:14:02","menu_order":0,"mime_type":"image\/jpeg","type":"image","subtype":"jpeg","icon":"https:\/\/nrw-skulptur.net\/wp-includes\/images\/media\/default.png","width":1000,"height":667,"sizes":{"thumbnail":"https:\/\/nrw-skulptur.net\/wp-content\/uploads\/2017\/06\/hdsc2177-170x150.jpg","thumbnail-width":170,"thumbnail-height":150,"medium":"https:\/\/nrw-skulptur.net\/wp-content\/uploads\/2017\/06\/hdsc2177-450x300.jpg","medium-width":450,"medium-height":300,"medium_large":"https:\/\/nrw-skulptur.net\/wp-content\/uploads\/2017\/06\/hdsc2177-768x512.jpg","medium_large-width":600,"medium_large-height":400,"large":"https:\/\/nrw-skulptur.net\/wp-content\/uploads\/2017\/06\/hdsc2177.jpg","large-width":600,"large-height":400,"1536x1536":"https:\/\/nrw-skulptur.net\/wp-content\/uploads\/2017\/06\/hdsc2177.jpg","1536x1536-width":1000,"1536x1536-height":667,"2048x2048":"https:\/\/nrw-skulptur.net\/wp-content\/uploads\/2017\/06\/hdsc2177.jpg","2048x2048-width":1000,"2048x2048-height":667,"blog-thumbnail":"https:\/\/nrw-skulptur.net\/wp-content\/uploads\/2017\/06\/hdsc2177-738x492.jpg","blog-thumbnail-width":738,"blog-thumbnail-height":492,"profile":"https:\/\/nrw-skulptur.net\/wp-content\/uploads\/2017\/06\/hdsc2177.jpg","profile-width":1000,"profile-height":667,"homepage":"https:\/\/nrw-skulptur.net\/wp-content\/uploads\/2017\/06\/hdsc2177-500x500.jpg","homepage-width":500,"homepage-height":500,"homepage-nrws":"https:\/\/nrw-skulptur.net\/wp-content\/uploads\/2017\/06\/hdsc2177-934x626.jpg","homepage-nrws-width":934,"homepage-nrws-height":626,"homepage-fullscreen":"https:\/\/nrw-skulptur.net\/wp-content\/uploads\/2017\/06\/hdsc2177.jpg","homepage-fullscreen-width":1000,"homepage-fullscreen-height":667}},{"ID":34603,"id":34603,"title":"","filename":"bdsc4184.jpg","filesize":496472,"url":"https:\/\/nrw-skulptur.net\/wp-content\/uploads\/2017\/06\/bdsc4184.jpg","link":"https:\/\/nrw-skulptur.net\/en\/skulptur\/lunetta\/attachment\/22088\/","alt":"","author":"0","description":"","caption":"","name":"22088","status":"inherit","uploaded_to":27693,"date":"2017-06-06 21:15:31","modified":"2017-06-06 21:15:31","menu_order":0,"mime_type":"image\/jpeg","type":"image","subtype":"jpeg","icon":"https:\/\/nrw-skulptur.net\/wp-includes\/images\/media\/default.png","width":1000,"height":710,"sizes":{"thumbnail":"https:\/\/nrw-skulptur.net\/wp-content\/uploads\/2017\/06\/bdsc4184-170x150.jpg","thumbnail-width":170,"thumbnail-height":150,"medium":"https:\/\/nrw-skulptur.net\/wp-content\/uploads\/2017\/06\/bdsc4184-423x300.jpg","medium-width":423,"medium-height":300,"medium_large":"https:\/\/nrw-skulptur.net\/wp-content\/uploads\/2017\/06\/bdsc4184-768x545.jpg","medium_large-width":600,"medium_large-height":426,"large":"https:\/\/nrw-skulptur.net\/wp-content\/uploads\/2017\/06\/bdsc4184.jpg","large-width":600,"large-height":426,"1536x1536":"https:\/\/nrw-skulptur.net\/wp-content\/uploads\/2017\/06\/bdsc4184.jpg","1536x1536-width":1000,"1536x1536-height":710,"2048x2048":"https:\/\/nrw-skulptur.net\/wp-content\/uploads\/2017\/06\/bdsc4184.jpg","2048x2048-width":1000,"2048x2048-height":710,"blog-thumbnail":"https:\/\/nrw-skulptur.net\/wp-content\/uploads\/2017\/06\/bdsc4184-693x492.jpg","blog-thumbnail-width":693,"blog-thumbnail-height":492,"profile":"https:\/\/nrw-skulptur.net\/wp-content\/uploads\/2017\/06\/bdsc4184.jpg","profile-width":1000,"profile-height":710,"homepage":"https:\/\/nrw-skulptur.net\/wp-content\/uploads\/2017\/06\/bdsc4184-500x500.jpg","homepage-width":500,"homepage-height":500,"homepage-nrws":"https:\/\/nrw-skulptur.net\/wp-content\/uploads\/2017\/06\/bdsc4184-934x626.jpg","homepage-nrws-width":934,"homepage-nrws-height":626,"homepage-fullscreen":"https:\/\/nrw-skulptur.net\/wp-content\/uploads\/2017\/06\/bdsc4184.jpg","homepage-fullscreen-width":1000,"homepage-fullscreen-height":710}},{"ID":35471,"id":35471,"title":"","filename":"cdsc4428.jpg","filesize":639456,"url":"https:\/\/nrw-skulptur.net\/wp-content\/uploads\/2017\/06\/cdsc4428.jpg","link":"https:\/\/nrw-skulptur.net\/en\/skulptur\/less-sauvage-than-others-weniger-wild-als-andere\/attachment\/23072\/","alt":"","author":"0","description":"","caption":"","name":"23072","status":"inherit","uploaded_to":27673,"date":"2017-06-06 21:21:14","modified":"2017-06-06 21:21:14","menu_order":0,"mime_type":"image\/jpeg","type":"image","subtype":"jpeg","icon":"https:\/\/nrw-skulptur.net\/wp-includes\/images\/media\/default.png","width":1000,"height":665,"sizes":{"thumbnail":"https:\/\/nrw-skulptur.net\/wp-content\/uploads\/2017\/06\/cdsc4428-170x150.jpg","thumbnail-width":170,"thumbnail-height":150,"medium":"https:\/\/nrw-skulptur.net\/wp-content\/uploads\/2017\/06\/cdsc4428-451x300.jpg","medium-width":451,"medium-height":300,"medium_large":"https:\/\/nrw-skulptur.net\/wp-content\/uploads\/2017\/06\/cdsc4428-768x511.jpg","medium_large-width":600,"medium_large-height":399,"large":"https:\/\/nrw-skulptur.net\/wp-content\/uploads\/2017\/06\/cdsc4428.jpg","large-width":600,"large-height":399,"1536x1536":"https:\/\/nrw-skulptur.net\/wp-content\/uploads\/2017\/06\/cdsc4428.jpg","1536x1536-width":1000,"1536x1536-height":665,"2048x2048":"https:\/\/nrw-skulptur.net\/wp-content\/uploads\/2017\/06\/cdsc4428.jpg","2048x2048-width":1000,"2048x2048-height":665,"blog-thumbnail":"https:\/\/nrw-skulptur.net\/wp-content\/uploads\/2017\/06\/cdsc4428-740x492.jpg","blog-thumbnail-width":740,"blog-thumbnail-height":492,"profile":"https:\/\/nrw-skulptur.net\/wp-content\/uploads\/2017\/06\/cdsc4428.jpg","profile-width":1000,"profile-height":665,"homepage":"https:\/\/nrw-skulptur.net\/wp-content\/uploads\/2017\/06\/cdsc4428-500x500.jpg","homepage-width":500,"homepage-height":500,"homepage-nrws":"https:\/\/nrw-skulptur.net\/wp-content\/uploads\/2017\/06\/cdsc4428-934x626.jpg","homepage-nrws-width":934,"homepage-nrws-height":626,"homepage-fullscreen":"https:\/\/nrw-skulptur.net\/wp-content\/uploads\/2017\/06\/cdsc4428.jpg","homepage-fullscreen-width":1000,"homepage-fullscreen-height":665}}],"images_copyright":"","sub_title":"","extra_box_1_image":false,"extra_box_1_link":"","extra_box_2_image":false,"extra_box_2_link":""},"_links":{"self":[{"href":"https:\/\/nrw-skulptur.net\/en\/wp-json\/wp\/v2\/pages\/26930","targetHints":{"allow":["GET"]}}],"collection":[{"href":"https:\/\/nrw-skulptur.net\/en\/wp-json\/wp\/v2\/pages"}],"about":[{"href":"https:\/\/nrw-skulptur.net\/en\/wp-json\/wp\/v2\/types\/page"}],"author":[{"embeddable":true,"href":"https:\/\/nrw-skulptur.net\/en\/wp-json\/wp\/v2\/users\/1"}],"replies":[{"embeddable":true,"href":"https:\/\/nrw-skulptur.net\/en\/wp-json\/wp\/v2\/comments?post=26930"}],"version-history":[{"count":6,"href":"https:\/\/nrw-skulptur.net\/en\/wp-json\/wp\/v2\/pages\/26930\/revisions"}],"predecessor-version":[{"id":26978,"href":"https:\/\/nrw-skulptur.net\/en\/wp-json\/wp\/v2\/pages\/26930\/revisions\/26978"}],"up":[{"embeddable":true,"href":"https:\/\/nrw-skulptur.net\/en\/wp-json\/wp\/v2\/pages\/26842"}],"wp:attachment":[{"href":"https:\/\/nrw-skulptur.net\/en\/wp-json\/wp\/v2\/media?parent=26930"}],"curies":[{"name":"wp","href":"https:\/\/api.w.org\/{rel}","templated":true}]}}